












{"id":624,"date":"2019-01-22T11:16:33","date_gmt":"2019-01-22T11:16:33","guid":{"rendered":"http:\/\/warethemes.com\/wordpress\/bakery\/newsletter\/"},"modified":"2024-07-23T09:50:33","modified_gmt":"2024-07-23T09:50:33","slug":"newsletter","status":"publish","type":"page","link":"https:\/\/sameh-konditorei.at\/de\/newsletter\/","title":{"rendered":"Newsletter"},"content":{"rendered":"<div data-elementor-type=\"wp-page\" data-elementor-id=\"624\" class=\"elementor elementor-624\">\n\t\t\t\t<div class=\"elementor-element elementor-element-aa2a600 e-grid e-con-boxed e-con e-parent\" data-id=\"aa2a600\" data-element_type=\"container\" data-e-type=\"container\">\n\t\t\t\t\t<div class=\"e-con-inner\">\n\t\t<div class=\"elementor-element elementor-element-fb92cf4 e-con-full e-flex e-con e-child\" data-id=\"fb92cf4\" data-element_type=\"container\" data-e-type=\"container\">\n\t\t\t\t<div class=\"elementor-element elementor-element-9f79fbd elementor-widget elementor-widget-heading\" data-id=\"9f79fbd\" data-element_type=\"widget\" data-e-type=\"widget\" data-widget_type=\"heading.default\">\n\t\t\t\t<div class=\"elementor-widget-container\">\n\t\t\t\t\t<h2 class=\"elementor-heading-title elementor-size-default\">Newsletter<\/h2>\t\t\t\t<\/div>\n\t\t\t\t<\/div>\n\t\t\t\t<div class=\"elementor-element elementor-element-b464cb0 elementor-widget elementor-widget-text-editor\" data-id=\"b464cb0\" data-element_type=\"widget\" data-e-type=\"widget\" data-widget_type=\"text-editor.default\">\n\t\t\t\t<div class=\"elementor-widget-container\">\n\t\t\t\t\t\t\t\t\t<div class=\"wp-block-group is-layout-flow wp-block-group-is-layout-flow\"><p>Wenn du magst, kannst du dich f\u00fcr unseren Newsletter registrieren. Wir werden dich \u00fcber spezielle Angebote und Coupons informieren, die du auf unserer Seite einl\u00f6sen kannst. Nat\u00fcrlich kannst Du dich jederzeit auch wieder abmelden.<\/p><p>\u00a0<\/p><\/div><div class=\"aw-communication-page woocommerce\"><form class=\"aw-communication-form\" action=\"https:\/\/dorascheesecake.com\/newsletter\/\" method=\"post\"><p class=\"aw-communication-form__email-field woocommerce-form-row woocommerce-form-row--wide form-row form-row-wide\">\u00a0<\/p><\/form><\/div>\t\t\t\t\t\t\t\t<\/div>\n\t\t\t\t<\/div>\n\t\t\t\t<\/div>\n\t\t<div class=\"elementor-element elementor-element-db28c14 e-con-full e-flex e-con e-child\" data-id=\"db28c14\" data-element_type=\"container\" data-e-type=\"container\">\n\t\t\t\t<div class=\"elementor-element elementor-element-2bbde1d3 elementor-widget elementor-widget-text-editor\" data-id=\"2bbde1d3\" data-element_type=\"widget\" data-e-type=\"widget\" data-widget_type=\"text-editor.default\">\n\t\t\t\t<div class=\"elementor-widget-container\">\n\t\t\t\t\t\t\t\t\t<div class=\"tnp tnp-subscription\">\n<form method=\"post\" action=\"https:\/\/sameh-konditorei.at\/wp-admin\/admin-ajax.php?action=tnp&amp;na=s\">\n<input type=\"hidden\" name=\"nlang\" value=\"\">\n<div class=\"tnp-field tnp-field-email\"><label for=\"tnp-1\">Email<\/label>\n<input class=\"tnp-email\" type=\"email\" name=\"ne\" id=\"tnp-1\" value=\"\" placeholder=\"\" required><\/div>\n<div class=\"tnp-field tnp-field-button\" style=\"text-align: left\"><input class=\"tnp-submit\" type=\"submit\" value=\"Abonnieren\" style=\"\">\n<\/div>\n<\/form>\n<\/div>\n\t\t\t\t\t\t\t\t<\/div>\n\t\t\t\t<\/div>\n\t\t\t\t<\/div>\n\t\t\t\t\t<\/div>\n\t\t\t\t<\/div>\n\t\t\t\t<\/div>","protected":false},"excerpt":{"rendered":"<p>Newsletter Wenn du magst, kannst du dich f\u00fcr unseren Newsletter registrieren. Wir werden dich \u00fcber spezielle Angebote und Coupons informieren, die du auf unserer Seite einl\u00f6sen kannst. Nat\u00fcrlich kannst Du dich jederzeit auch wieder abmelden. \u00a0 \u00a0<\/p>","protected":false},"author":1,"featured_media":0,"parent":0,"menu_order":0,"comment_status":"closed","ping_status":"closed","template":"page-templates\/full-width.php","meta":{"_monsterinsights_skip_tracking":false,"_monsterinsights_sitenote_active":false,"_monsterinsights_sitenote_note":"","_monsterinsights_sitenote_category":0,"_uf_show_specific_survey":0,"_uf_disable_surveys":false,"footnotes":""},"class_list":["post-624","page","type-page","status-publish","hentry"],"_links":{"self":[{"href":"https:\/\/sameh-konditorei.at\/de\/wp-json\/wp\/v2\/pages\/624","targetHints":{"allow":["GET"]}}],"collection":[{"href":"https:\/\/sameh-konditorei.at\/de\/wp-json\/wp\/v2\/pages"}],"about":[{"href":"https:\/\/sameh-konditorei.at\/de\/wp-json\/wp\/v2\/types\/page"}],"author":[{"embeddable":true,"href":"https:\/\/sameh-konditorei.at\/de\/wp-json\/wp\/v2\/users\/1"}],"replies":[{"embeddable":true,"href":"https:\/\/sameh-konditorei.at\/de\/wp-json\/wp\/v2\/comments?post=624"}],"version-history":[{"count":12,"href":"https:\/\/sameh-konditorei.at\/de\/wp-json\/wp\/v2\/pages\/624\/revisions"}],"predecessor-version":[{"id":11320,"href":"https:\/\/sameh-konditorei.at\/de\/wp-json\/wp\/v2\/pages\/624\/revisions\/11320"}],"wp:attachment":[{"href":"https:\/\/sameh-konditorei.at\/de\/wp-json\/wp\/v2\/media?parent=624"}],"curies":[{"name":"wp","href":"https:\/\/api.w.org\/{rel}","templated":true}]}}